{"id":2899,"date":"2023-04-05T11:21:29","date_gmt":"2023-04-05T09:21:29","guid":{"rendered":"https:\/\/www.mylumi.net\/spedizione-e-restituzione\/"},"modified":"2025-06-09T13:52:42","modified_gmt":"2025-06-09T11:52:42","slug":"spedizione-e-restituzione","status":"publish","type":"page","link":"https:\/\/www.mylumi.net\/de\/spedizione-e-restituzione\/","title":{"rendered":"GARANZIA LEGALE DI CONFORMIT\u00c0"},"content":{"rendered":"\n\n\n<pre class=\"wp-block-preformatted\">La Colan S.r.l. (di seguito denominata anche \u201cAzienda\u201d o \u201cVenditore\u201d) garantisce che tutti<br>i prodotti a marchio Mylumi siano conformi alle aspettative dei Clienti (di seguito<br>denominati anche \u201cConsumatori\u201d) e privi di qualunque difetto di conformit\u00e0 o vizio<br>originario. In conformit\u00e0 a quanto disposto dagli artt. 128 e seguenti del Codice del<br>Consumo (D.Lgs. 206\/2005), ciascun prodotto \u00e8 coperto da Garanzia Legale di<br>Conformit\u00e0 per un periodo di 24 mesi dalla data di consegna del bene, per difetti di<br>conformit\u00e0 o di fabbricazione esistenti al momento della consegna del bene e che si<br>manifestano entro 24 mesi da tale momento. In caso di prodotto difettoso o non conforme,<br>il Consumatore ha diritto al ripristino della conformit\u00e0 del bene, senza spese, mediante la<br>riparazione o la sostituzione del prodotto e\/o dei suoi componenti incorporati (elettronici e<br>non).<br>Per quanto riguarda i prodotti dotati di batteria integrata, si precisa che la batteria \u00e8 un<br>componente soggetto a naturale deterioramento dovuto all\u2019uso ed al tempo di utilizzo.<br>Pertanto, la durata della garanzia per la batteria integrata \u00e8 limitata a 3 mesi, salvo i<br>casi in cui il difetto derivi da vizi originari di conformit\u00e0 presenti al momento della consegna<br>del bene. In tali casi, resta ferma la Garanzia Legale di 24 mesi prevista per il prodotto nel<br>suo complesso.<br>COSA SI INTENDE PER DIFETTO DI CONFORMIT\u00c0<br>Un prodotto si considera non conforme se:<br>\u25cf non corrisponde alla descrizione fornita dal Venditore al momento dell&amp;#39;acquisto;<br>\u25cf non possiede le qualit\u00e0 o le prestazioni abituali di un bene dello stesso tipo;<br>\u25cf non \u00e8 idoneo all\u2019uso al quale servono abitualmente beni dello stesso tipo;<br>\u25cf non \u00e8 idoneo all\u2019uso particolare richiesto dal Consumatore, se comunicato al<br>Venditore e accettato da quest\u2019ultimo al momento dell\u2019acquisto.<br><br>COSA SI INTENDE PER DIFETTO DI FABBRICAZIONE<br>Un difetto di fabbricazione \u00e8 qualsiasi anomalia, imperfezione o malfunzionamento<br>riconducibile ad errori nel processo produttivo del bene e\/o dei suoi componenti incorporati<br>(elettronici e non), tale da compromettere l\u2019effettivo funzionamento del prodotto secondo la<br>sua destinazione d\u2019uso originaria prevista.<br><br>MODALIT\u00c0 DI ESERCIZIO DELLA GARANZIA LEGALE<br><br>Per richiedere l\u2019intervento in garanzia, \u00e8 necessario:<br>1. Inviare una richiesta di assistenza entro 24 mesi dalla data di consegna del bene,<br>all\u2019indirizzo email info@colan.it, allegando:<br>\u25cb una descrizione dettagliata del difetto riscontrato;<br>\u25cb una copia del documento fiscale comprovante l\u2019acquisto.<br>2. Attendere la risposta dell\u2019Azienda (entro circa 24\/48 ore) con le istruzioni operative<br>per organizzare il ritiro del prodotto, senza oneri per il Consumatore.<br>3. L\u2019Azienda, ricevuto il prodotto, verificher\u00e0 la natura del difetto riscontrato:<br>\u25cb se il difetto \u00e8 coperto da Garanzia, proceder\u00e0, a scelta del Consumatore, con<br>la riparazione o sostituzione gratuita del prodotto e\/o dei suoi componenti<br>incorporati (elettronici e non);<br>\u25cb se non \u00e8 coperto, sar\u00e0 inviata una comunicazione tramite e-mail con il<br>preventivo per eventuali costi a carico del Consumatore.<br><br>Il termine medio per la riconsegna del prodotto riparato o sostituito \u00e8 di circa 30 giorni<br>dalla data di ricezione del prodotto. Qualora non fosse possibile riparare o sostituire il<br>prodotto entro tale termine, il Consumatore potr\u00e0 scegliere uno tra i seguenti rimedi<br>alternativi:<br>\u25cf riduzione proporzionale del prezzo, oppure<br>\u25cf risoluzione del contratto con restituzione dell\u2019intero importo pagato, oppure<br>\u25cf sostituzione con un modello equivalente.<br><br>Resta inteso che, in caso di difetto di lieve entit\u00e0, per il quale non sia stato possibile o<br>risulti eccessivamente oneroso ricorrere ai rimedi della riparazione o della sostituzione, il<br>Consumatore avr\u00e0 diritto esclusivamente alla riduzione del prezzo, e non alla risoluzione<br>del contratto.<br>COSTI A CARICO DELL\u2019AZIENDA<br>Tutte le spese relative agli interventi tecnici coperti da Garanzia Legale, incluse le spese<br>di ritiro e spedizione, sono a carico dell\u2019Azienda.<br><br>ESCLUSIONI DALLA GARANZIA LEGALE<br>La Garanzia Legale non si applica nei seguenti casi:<br><br>\u25cf danni causati da uso improprio, negligenza, manomissioni o modifiche non<br>autorizzate dal Produttore;<br>\u25cf danni accidentali o da agenti esterni (cadute,urti, liquidi, acqua salata, agenti<br>chimici etc.);<br>\u25cf normale usura dovuta all\u2019uso del prodotto, dei componenti del bracciale e dei<br>materiali di consumo (ivi inclusa la batteria non integrata \u201ca bottone\u201d in dotazione<br>per alcuni modelli);<br>\u25cf utilizzo e\/o manutenzione non conformi a Manuale d\u2019uso, Istruzioni del<br>Produttore o specifiche tecniche pubblicate nel sito;<br><br>\u25cf difetti o danni non direttamente riconducibili a difetti di fabbricazione o<br>progettazione imputabili all\u2019Azienda.<br><br>Qualsiasi richiesta di assistenza tecnica per prodotti non coperti da Garanzia Legale<br>comporter\u00e0 costi a carico esclusivo del Cliente, comprensivi di:<br>\u25cf spese per la diagnosi tecnica;<br>\u25cf eventuale riparazione o sostituzione;<br>\u25cf oneri di trasporto e gestione.<br><br>LIMITAZIONI DI RESPONSABILIT\u00c0<br>L\u2019Azienda non potr\u00e0 essere ritenuta responsabile per eventuali ritardi, impedimenti o<br>inadempimenti nello svolgimento dell\u2019intervento in garanzia dovuti a cause di forza<br>maggiore e\/o caso fortuito. Tali cause comprendono, a titolo esemplificativo e non<br>esaustivo, scioperi, incendi, alluvioni, terremoti, eventi naturali, furti, disservizi di corrieri o<br>altri eventi imprevedibili e non imputabili direttamente all\u2019Azienda.<br>Salvo il caso di dolo o colpa grave, l\u2019Azienda non sar\u00e0 tenuta a risarcire eventuali danni o<br>perdite economiche connesse alle cause sopra citate. In ogni caso, resta salvo il diritto<br>del Consumatore alla restituzione integrale del prezzo corrisposto.<\/pre>\n","protected":false},"excerpt":{"rendered":"<p>La Colan S.r.l. (di seguito denominata anche \u201cAzienda\u201d o \u201cVenditore\u201d) garantisce che tuttii prodotti a marchio Mylumi siano conformi alle aspettative dei Clienti (di seguitodenominati anche \u201cConsumatori\u201d) e privi di qualunque difetto di conformit\u00e0 o viziooriginario. In conformit\u00e0 a quanto disposto dagli artt. 128 e seguenti del Codice delConsumo (D.Lgs. 206\/2005), ciascun prodotto \u00e8 coperto [&#8230;]\n","protected":false},"author":1,"featured_media":0,"parent":0,"menu_order":0,"comment_status":"closed","ping_status":"closed","template":"","meta":{"_acf_changed":false,"_joinchat":[],"footnotes":""},"class_list":["post-2899","page","type-page","status-publish","hentry"],"acf":[],"yoast_head":"<!-- This site is optimized with the Yoast SEO plugin v27.4 - https:\/\/yoast.com\/product\/yoast-seo-wordpress\/ -->\n<title>GARANZIA LEGALE DI CONFORMIT\u00c0 - LUMI<\/title>\n<meta name=\"robots\" content=\"index, follow, max-snippet:-1, max-image-preview:large, max-video-preview:-1\" \/>\n<link rel=\"canonical\" href=\"https:\/\/www.mylumi.net\/de\/spedizione-e-restituzione\/\" \/>\n<meta property=\"og:locale\" content=\"de_DE\" \/>\n<meta property=\"og:type\" content=\"article\" \/>\n<meta property=\"og:title\" content=\"GARANZIA LEGALE DI CONFORMIT\u00c0 - LUMI\" \/>\n<meta property=\"og:description\" content=\"La Colan S.r.l. (di seguito denominata anche \u201cAzienda\u201d o \u201cVenditore\u201d) garantisce che tuttii prodotti a marchio Mylumi siano conformi alle aspettative dei Clienti (di seguitodenominati anche \u201cConsumatori\u201d) e privi di qualunque difetto di conformit\u00e0 o viziooriginario. In conformit\u00e0 a quanto disposto dagli artt. 128 e seguenti del Codice delConsumo (D.Lgs. 206\/2005), ciascun prodotto \u00e8 coperto [...]\" \/>\n<meta property=\"og:url\" content=\"https:\/\/www.mylumi.net\/de\/spedizione-e-restituzione\/\" \/>\n<meta property=\"og:site_name\" content=\"LUMI\" \/>\n<meta property=\"article:publisher\" content=\"https:\/\/www.facebook.com\/people\/LUMI\/100089681991780\/\" \/>\n<meta property=\"article:modified_time\" content=\"2025-06-09T11:52:42+00:00\" \/>\n<meta property=\"og:image\" content=\"https:\/\/cdn.mylumi.net\/wp-content\/uploads\/lumi-video.jpg?strip=all\" \/>\n\t<meta property=\"og:image:width\" content=\"1911\" \/>\n\t<meta property=\"og:image:height\" content=\"1015\" \/>\n\t<meta property=\"og:image:type\" content=\"image\/jpeg\" \/>\n<meta name=\"twitter:card\" content=\"summary_large_image\" \/>\n<meta name=\"twitter:label1\" content=\"Gesch\u00e4tzte Lesezeit\" \/>\n\t<meta name=\"twitter:data1\" content=\"1\u00a0Minute\" \/>\n<script type=\"application\/ld+json\" class=\"yoast-schema-graph\">{\"@context\":\"https:\\\/\\\/schema.org\",\"@graph\":[{\"@type\":\"WebPage\",\"@id\":\"https:\\\/\\\/www.mylumi.net\\\/de\\\/spedizione-e-restituzione\\\/\",\"url\":\"https:\\\/\\\/www.mylumi.net\\\/de\\\/spedizione-e-restituzione\\\/\",\"name\":\"GARANZIA LEGALE DI CONFORMIT\u00c0 - LUMI\",\"isPartOf\":{\"@id\":\"https:\\\/\\\/www.mylumi.net\\\/#website\"},\"datePublished\":\"2023-04-05T09:21:29+00:00\",\"dateModified\":\"2025-06-09T11:52:42+00:00\",\"breadcrumb\":{\"@id\":\"https:\\\/\\\/www.mylumi.net\\\/de\\\/spedizione-e-restituzione\\\/#breadcrumb\"},\"inLanguage\":\"de\",\"potentialAction\":[{\"@type\":\"ReadAction\",\"target\":[\"https:\\\/\\\/www.mylumi.net\\\/de\\\/spedizione-e-restituzione\\\/\"]}]},{\"@type\":\"BreadcrumbList\",\"@id\":\"https:\\\/\\\/www.mylumi.net\\\/de\\\/spedizione-e-restituzione\\\/#breadcrumb\",\"itemListElement\":[{\"@type\":\"ListItem\",\"position\":1,\"name\":\"Home\",\"item\":\"https:\\\/\\\/www.mylumi.net\\\/de\\\/\"},{\"@type\":\"ListItem\",\"position\":2,\"name\":\"GARANZIA LEGALE DI CONFORMIT\u00c0\"}]},{\"@type\":\"WebSite\",\"@id\":\"https:\\\/\\\/www.mylumi.net\\\/#website\",\"url\":\"https:\\\/\\\/www.mylumi.net\\\/\",\"name\":\"MyLumi\",\"description\":\"Celebrate a healty lifestyle\",\"publisher\":{\"@id\":\"https:\\\/\\\/www.mylumi.net\\\/#organization\"},\"potentialAction\":[{\"@type\":\"SearchAction\",\"target\":{\"@type\":\"EntryPoint\",\"urlTemplate\":\"https:\\\/\\\/www.mylumi.net\\\/?s={search_term_string}\"},\"query-input\":{\"@type\":\"PropertyValueSpecification\",\"valueRequired\":true,\"valueName\":\"search_term_string\"}}],\"inLanguage\":\"de\"},{\"@type\":\"Organization\",\"@id\":\"https:\\\/\\\/www.mylumi.net\\\/#organization\",\"name\":\"MyLumi by Colan\",\"url\":\"https:\\\/\\\/www.mylumi.net\\\/\",\"logo\":{\"@type\":\"ImageObject\",\"inLanguage\":\"de\",\"@id\":\"https:\\\/\\\/www.mylumi.net\\\/#\\\/schema\\\/logo\\\/image\\\/\",\"url\":\"https:\\\/\\\/www.mylumi.net\\\/wp-content\\\/uploads\\\/logo.svg\",\"contentUrl\":\"https:\\\/\\\/www.mylumi.net\\\/wp-content\\\/uploads\\\/logo.svg\",\"width\":1,\"height\":1,\"caption\":\"MyLumi by Colan\"},\"image\":{\"@id\":\"https:\\\/\\\/www.mylumi.net\\\/#\\\/schema\\\/logo\\\/image\\\/\"},\"sameAs\":[\"https:\\\/\\\/www.facebook.com\\\/people\\\/LUMI\\\/100089681991780\\\/\"]}]}<\/script>\n<!-- \/ Yoast SEO plugin. -->","yoast_head_json":{"title":"GARANZIA LEGALE DI CONFORMIT\u00c0 - LUMI","robots":{"index":"index","follow":"follow","max-snippet":"max-snippet:-1","max-image-preview":"max-image-preview:large","max-video-preview":"max-video-preview:-1"},"canonical":"https:\/\/www.mylumi.net\/de\/spedizione-e-restituzione\/","og_locale":"de_DE","og_type":"article","og_title":"GARANZIA LEGALE DI CONFORMIT\u00c0 - LUMI","og_description":"La Colan S.r.l. (di seguito denominata anche \u201cAzienda\u201d o \u201cVenditore\u201d) garantisce che tuttii prodotti a marchio Mylumi siano conformi alle aspettative dei Clienti (di seguitodenominati anche \u201cConsumatori\u201d) e privi di qualunque difetto di conformit\u00e0 o viziooriginario. In conformit\u00e0 a quanto disposto dagli artt. 128 e seguenti del Codice delConsumo (D.Lgs. 206\/2005), ciascun prodotto \u00e8 coperto [...]","og_url":"https:\/\/www.mylumi.net\/de\/spedizione-e-restituzione\/","og_site_name":"LUMI","article_publisher":"https:\/\/www.facebook.com\/people\/LUMI\/100089681991780\/","article_modified_time":"2025-06-09T11:52:42+00:00","og_image":[{"width":1911,"height":1015,"url":"https:\/\/cdn.mylumi.net\/wp-content\/uploads\/lumi-video.jpg?strip=all","type":"image\/jpeg"}],"twitter_card":"summary_large_image","twitter_misc":{"Gesch\u00e4tzte Lesezeit":"1\u00a0Minute"},"schema":{"@context":"https:\/\/schema.org","@graph":[{"@type":"WebPage","@id":"https:\/\/www.mylumi.net\/de\/spedizione-e-restituzione\/","url":"https:\/\/www.mylumi.net\/de\/spedizione-e-restituzione\/","name":"GARANZIA LEGALE DI CONFORMIT\u00c0 - LUMI","isPartOf":{"@id":"https:\/\/www.mylumi.net\/#website"},"datePublished":"2023-04-05T09:21:29+00:00","dateModified":"2025-06-09T11:52:42+00:00","breadcrumb":{"@id":"https:\/\/www.mylumi.net\/de\/spedizione-e-restituzione\/#breadcrumb"},"inLanguage":"de","potentialAction":[{"@type":"ReadAction","target":["https:\/\/www.mylumi.net\/de\/spedizione-e-restituzione\/"]}]},{"@type":"BreadcrumbList","@id":"https:\/\/www.mylumi.net\/de\/spedizione-e-restituzione\/#breadcrumb","itemListElement":[{"@type":"ListItem","position":1,"name":"Home","item":"https:\/\/www.mylumi.net\/de\/"},{"@type":"ListItem","position":2,"name":"GARANZIA LEGALE DI CONFORMIT\u00c0"}]},{"@type":"WebSite","@id":"https:\/\/www.mylumi.net\/#website","url":"https:\/\/www.mylumi.net\/","name":"MyLumi","description":"Celebrate a healty lifestyle","publisher":{"@id":"https:\/\/www.mylumi.net\/#organization"},"potentialAction":[{"@type":"SearchAction","target":{"@type":"EntryPoint","urlTemplate":"https:\/\/www.mylumi.net\/?s={search_term_string}"},"query-input":{"@type":"PropertyValueSpecification","valueRequired":true,"valueName":"search_term_string"}}],"inLanguage":"de"},{"@type":"Organization","@id":"https:\/\/www.mylumi.net\/#organization","name":"MyLumi by Colan","url":"https:\/\/www.mylumi.net\/","logo":{"@type":"ImageObject","inLanguage":"de","@id":"https:\/\/www.mylumi.net\/#\/schema\/logo\/image\/","url":"https:\/\/www.mylumi.net\/wp-content\/uploads\/logo.svg","contentUrl":"https:\/\/www.mylumi.net\/wp-content\/uploads\/logo.svg","width":1,"height":1,"caption":"MyLumi by Colan"},"image":{"@id":"https:\/\/www.mylumi.net\/#\/schema\/logo\/image\/"},"sameAs":["https:\/\/www.facebook.com\/people\/LUMI\/100089681991780\/"]}]}},"_links":{"self":[{"href":"https:\/\/www.mylumi.net\/de\/wp-json\/wp\/v2\/pages\/2899","targetHints":{"allow":["GET"]}}],"collection":[{"href":"https:\/\/www.mylumi.net\/de\/wp-json\/wp\/v2\/pages"}],"about":[{"href":"https:\/\/www.mylumi.net\/de\/wp-json\/wp\/v2\/types\/page"}],"author":[{"embeddable":true,"href":"https:\/\/www.mylumi.net\/de\/wp-json\/wp\/v2\/users\/1"}],"replies":[{"embeddable":true,"href":"https:\/\/www.mylumi.net\/de\/wp-json\/wp\/v2\/comments?post=2899"}],"version-history":[{"count":2,"href":"https:\/\/www.mylumi.net\/de\/wp-json\/wp\/v2\/pages\/2899\/revisions"}],"predecessor-version":[{"id":5061,"href":"https:\/\/www.mylumi.net\/de\/wp-json\/wp\/v2\/pages\/2899\/revisions\/5061"}],"wp:attachment":[{"href":"https:\/\/www.mylumi.net\/de\/wp-json\/wp\/v2\/media?parent=2899"}],"curies":[{"name":"wp","href":"https:\/\/api.w.org\/{rel}","templated":true}]}}