{"id":3026,"date":"2023-07-06T15:39:41","date_gmt":"2023-07-06T13:39:41","guid":{"rendered":"https:\/\/www.mylumi.net\/?post_type=product&#038;p=3026"},"modified":"2025-11-13T10:58:48","modified_gmt":"2025-11-13T09:58:48","slug":"chakra-noce","status":"publish","type":"product","link":"https:\/\/www.mylumi.net\/de\/produkt\/chakra-noce\/","title":{"rendered":"Chakra\u00b2"},"content":{"rendered":"<p>Bracciale del benessere in legno di noce e tre pietre lava. Monitora stress, sonno e calorie attive.<\/p>\n","protected":false},"excerpt":{"rendered":"<h3><strong>Chakra \u00e8 perfetto per ogni situazione, qualunque sia il tuo look. Un gioiello Wellness Tracker innovativo con un design essenziale.<\/strong><\/h3>\n<p>Il design nitido e essenziale di Chakra \u00e8 ispirato alla gioielleria tibetana. Il bracciale \u00e8 in grado di monitorare i tuoi dati e le statistiche sulla tua attivit\u00e0 fisica giornaliera e del sonno. Rileva automaticamente lo stress e gli stati d\u2019animo e ti fornisce tramite l\u2019app, suggerimenti per stare meglio.<\/p>\n<p>DESIGN:<\/p>\n<ul>\n<li>3 Pietre di lava<\/li>\n<li>Perle in legno di noce<\/li>\n<li>Blocchetto ABS<\/li>\n<\/ul>\n<p>TECNOLOGIA:<\/p>\n<ul>\n<li>Accelerometro a 3 assi<\/li>\n<li>Sensore biomentrico<\/li>\n<li>Bluetooth Low Energy<\/li>\n<\/ul>\n<p>GENERALI:<\/p>\n<ul>\n<li>SKU: 8057639491114<\/li>\n<li>Peso: 11gr<\/li>\n<li>Batteria: CR1025 &#8211; 3V<\/li>\n<li>App: MyLumi Connect (App Store e Play Store)<\/li>\n<\/ul>\n<p class=\"\" data-start=\"51\" data-end=\"70\">CONSIGLI D&#8217;USO<\/p>\n<ul>\n<li data-start=\"138\" data-end=\"181\">Non esporre a cloro, saponi e acqua salata<\/li>\n<li>Togliere il bracciale prima di doccia e piscina o mare<\/li>\n<\/ul>\n","protected":false},"featured_media":5258,"template":"","meta":{"_acf_changed":false,"_joinchat":[]},"product_brand":[],"product_cat":[107],"product_tag":[],"class_list":{"0":"post-3026","1":"product","2":"type-product","3":"status-publish","4":"has-post-thumbnail","6":"product_cat-dark-de","8":"first","9":"instock","10":"taxable","11":"shipping-taxable","12":"purchasable","13":"product-type-variable","14":"has-default-attributes"},"acf":[],"yoast_head":"<!-- This site is optimized with the Yoast SEO plugin v27.4 - https:\/\/yoast.com\/product\/yoast-seo-wordpress\/ -->\n<title>Chakra\u00b2 - LUMI<\/title>\n<meta name=\"robots\" content=\"index, follow, max-snippet:-1, max-image-preview:large, max-video-preview:-1\" \/>\n<link rel=\"canonical\" href=\"https:\/\/www.mylumi.net\/de\/produkt\/chakra-noce\/\" \/>\n<meta property=\"og:locale\" content=\"de_DE\" \/>\n<meta property=\"og:type\" content=\"article\" \/>\n<meta property=\"og:title\" content=\"Chakra\u00b2 - LUMI\" \/>\n<meta property=\"og:description\" content=\"Chakra \u00e8 perfetto per ogni situazione, qualunque sia il tuo look. Un gioiello Wellness Tracker innovativo con un design essenziale. Il design nitido e essenziale di Chakra \u00e8 ispirato alla gioielleria tibetana. Il bracciale \u00e8 in grado di monitorare i tuoi dati e le statistiche sulla tua attivit\u00e0 fisica giornaliera e del sonno. Rileva automaticamente lo stress e gli stati d\u2019animo e ti fornisce tramite l\u2019app, suggerimenti per stare meglio.  DESIGN:   3 Pietre di lava  Perle in legno di noce  Blocchetto ABS  TECNOLOGIA:   Accelerometro a 3 assi  Sensore biomentrico  Bluetooth Low Energy  GENERALI:   SKU: 8057639491114  Peso: 11gr  Batteria: CR1025 - 3V  App: MyLumi Connect (App Store e Play Store)  CONSIGLI D&#039;USO    Non esporre a cloro, saponi e acqua salata  Togliere il bracciale prima di doccia e piscina o mare\" \/>\n<meta property=\"og:url\" content=\"https:\/\/www.mylumi.net\/de\/produkt\/chakra-noce\/\" \/>\n<meta property=\"og:site_name\" content=\"LUMI\" \/>\n<meta property=\"article:publisher\" content=\"https:\/\/www.facebook.com\/people\/LUMI\/100089681991780\/\" \/>\n<meta property=\"article:modified_time\" content=\"2025-11-13T09:58:48+00:00\" \/>\n<meta property=\"og:image\" content=\"https:\/\/www.mylumi.net\/wp-content\/uploads\/base_noce-03.webp\" \/>\n\t<meta property=\"og:image:width\" content=\"1500\" \/>\n\t<meta property=\"og:image:height\" content=\"1500\" \/>\n\t<meta property=\"og:image:type\" content=\"image\/webp\" \/>\n<meta name=\"twitter:card\" content=\"summary_large_image\" \/>\n<script type=\"application\/ld+json\" class=\"yoast-schema-graph\">{\"@context\":\"https:\\\/\\\/schema.org\",\"@graph\":[{\"@type\":\"WebPage\",\"@id\":\"https:\\\/\\\/www.mylumi.net\\\/de\\\/produkt\\\/chakra-noce\\\/\",\"url\":\"https:\\\/\\\/www.mylumi.net\\\/de\\\/produkt\\\/chakra-noce\\\/\",\"name\":\"Chakra\u00b2 - LUMI\",\"isPartOf\":{\"@id\":\"https:\\\/\\\/www.mylumi.net\\\/#website\"},\"primaryImageOfPage\":{\"@id\":\"https:\\\/\\\/www.mylumi.net\\\/de\\\/produkt\\\/chakra-noce\\\/#primaryimage\"},\"image\":{\"@id\":\"https:\\\/\\\/www.mylumi.net\\\/de\\\/produkt\\\/chakra-noce\\\/#primaryimage\"},\"thumbnailUrl\":\"https:\\\/\\\/cdn.mylumi.net\\\/wp-content\\\/uploads\\\/base_noce-03.webp?strip=all\",\"datePublished\":\"2023-07-06T13:39:41+00:00\",\"dateModified\":\"2025-11-13T09:58:48+00:00\",\"breadcrumb\":{\"@id\":\"https:\\\/\\\/www.mylumi.net\\\/de\\\/produkt\\\/chakra-noce\\\/#breadcrumb\"},\"inLanguage\":\"de\",\"potentialAction\":[{\"@type\":\"ReadAction\",\"target\":[\"https:\\\/\\\/www.mylumi.net\\\/de\\\/produkt\\\/chakra-noce\\\/\"]}]},{\"@type\":\"ImageObject\",\"inLanguage\":\"de\",\"@id\":\"https:\\\/\\\/www.mylumi.net\\\/de\\\/produkt\\\/chakra-noce\\\/#primaryimage\",\"url\":\"https:\\\/\\\/cdn.mylumi.net\\\/wp-content\\\/uploads\\\/base_noce-03.webp?strip=all\",\"contentUrl\":\"https:\\\/\\\/cdn.mylumi.net\\\/wp-content\\\/uploads\\\/base_noce-03.webp?strip=all\",\"width\":1500,\"height\":1500},{\"@type\":\"BreadcrumbList\",\"@id\":\"https:\\\/\\\/www.mylumi.net\\\/de\\\/produkt\\\/chakra-noce\\\/#breadcrumb\",\"itemListElement\":[{\"@type\":\"ListItem\",\"position\":1,\"name\":\"Home\",\"item\":\"https:\\\/\\\/www.mylumi.net\\\/de\\\/\"},{\"@type\":\"ListItem\",\"position\":2,\"name\":\"Shop\",\"item\":\"https:\\\/\\\/www.mylumi.net\\\/de\\\/shop\\\/\"},{\"@type\":\"ListItem\",\"position\":3,\"name\":\"Chakra\u00b2\"}]},{\"@type\":\"WebSite\",\"@id\":\"https:\\\/\\\/www.mylumi.net\\\/#website\",\"url\":\"https:\\\/\\\/www.mylumi.net\\\/\",\"name\":\"MyLumi\",\"description\":\"Celebrate a healty lifestyle\",\"publisher\":{\"@id\":\"https:\\\/\\\/www.mylumi.net\\\/#organization\"},\"potentialAction\":[{\"@type\":\"SearchAction\",\"target\":{\"@type\":\"EntryPoint\",\"urlTemplate\":\"https:\\\/\\\/www.mylumi.net\\\/?s={search_term_string}\"},\"query-input\":{\"@type\":\"PropertyValueSpecification\",\"valueRequired\":true,\"valueName\":\"search_term_string\"}}],\"inLanguage\":\"de\"},{\"@type\":\"Organization\",\"@id\":\"https:\\\/\\\/www.mylumi.net\\\/#organization\",\"name\":\"MyLumi by Colan\",\"url\":\"https:\\\/\\\/www.mylumi.net\\\/\",\"logo\":{\"@type\":\"ImageObject\",\"inLanguage\":\"de\",\"@id\":\"https:\\\/\\\/www.mylumi.net\\\/#\\\/schema\\\/logo\\\/image\\\/\",\"url\":\"https:\\\/\\\/www.mylumi.net\\\/wp-content\\\/uploads\\\/logo.svg\",\"contentUrl\":\"https:\\\/\\\/www.mylumi.net\\\/wp-content\\\/uploads\\\/logo.svg\",\"width\":1,\"height\":1,\"caption\":\"MyLumi by Colan\"},\"image\":{\"@id\":\"https:\\\/\\\/www.mylumi.net\\\/#\\\/schema\\\/logo\\\/image\\\/\"},\"sameAs\":[\"https:\\\/\\\/www.facebook.com\\\/people\\\/LUMI\\\/100089681991780\\\/\"]}]}<\/script>\n<!-- \/ Yoast SEO plugin. -->","yoast_head_json":{"title":"Chakra\u00b2 - LUMI","robots":{"index":"index","follow":"follow","max-snippet":"max-snippet:-1","max-image-preview":"max-image-preview:large","max-video-preview":"max-video-preview:-1"},"canonical":"https:\/\/www.mylumi.net\/de\/produkt\/chakra-noce\/","og_locale":"de_DE","og_type":"article","og_title":"Chakra\u00b2 - LUMI","og_description":"Chakra \u00e8 perfetto per ogni situazione, qualunque sia il tuo look. Un gioiello Wellness Tracker innovativo con un design essenziale. Il design nitido e essenziale di Chakra \u00e8 ispirato alla gioielleria tibetana. Il bracciale \u00e8 in grado di monitorare i tuoi dati e le statistiche sulla tua attivit\u00e0 fisica giornaliera e del sonno. Rileva automaticamente lo stress e gli stati d\u2019animo e ti fornisce tramite l\u2019app, suggerimenti per stare meglio.  DESIGN:   3 Pietre di lava  Perle in legno di noce  Blocchetto ABS  TECNOLOGIA:   Accelerometro a 3 assi  Sensore biomentrico  Bluetooth Low Energy  GENERALI:   SKU: 8057639491114  Peso: 11gr  Batteria: CR1025 - 3V  App: MyLumi Connect (App Store e Play Store)  CONSIGLI D'USO    Non esporre a cloro, saponi e acqua salata  Togliere il bracciale prima di doccia e piscina o mare","og_url":"https:\/\/www.mylumi.net\/de\/produkt\/chakra-noce\/","og_site_name":"LUMI","article_publisher":"https:\/\/www.facebook.com\/people\/LUMI\/100089681991780\/","article_modified_time":"2025-11-13T09:58:48+00:00","og_image":[{"width":1500,"height":1500,"url":"https:\/\/www.mylumi.net\/wp-content\/uploads\/base_noce-03.webp","type":"image\/webp"}],"twitter_card":"summary_large_image","schema":{"@context":"https:\/\/schema.org","@graph":[{"@type":"WebPage","@id":"https:\/\/www.mylumi.net\/de\/produkt\/chakra-noce\/","url":"https:\/\/www.mylumi.net\/de\/produkt\/chakra-noce\/","name":"Chakra\u00b2 - LUMI","isPartOf":{"@id":"https:\/\/www.mylumi.net\/#website"},"primaryImageOfPage":{"@id":"https:\/\/www.mylumi.net\/de\/produkt\/chakra-noce\/#primaryimage"},"image":{"@id":"https:\/\/www.mylumi.net\/de\/produkt\/chakra-noce\/#primaryimage"},"thumbnailUrl":"https:\/\/cdn.mylumi.net\/wp-content\/uploads\/base_noce-03.webp?strip=all","datePublished":"2023-07-06T13:39:41+00:00","dateModified":"2025-11-13T09:58:48+00:00","breadcrumb":{"@id":"https:\/\/www.mylumi.net\/de\/produkt\/chakra-noce\/#breadcrumb"},"inLanguage":"de","potentialAction":[{"@type":"ReadAction","target":["https:\/\/www.mylumi.net\/de\/produkt\/chakra-noce\/"]}]},{"@type":"ImageObject","inLanguage":"de","@id":"https:\/\/www.mylumi.net\/de\/produkt\/chakra-noce\/#primaryimage","url":"https:\/\/cdn.mylumi.net\/wp-content\/uploads\/base_noce-03.webp?strip=all","contentUrl":"https:\/\/cdn.mylumi.net\/wp-content\/uploads\/base_noce-03.webp?strip=all","width":1500,"height":1500},{"@type":"BreadcrumbList","@id":"https:\/\/www.mylumi.net\/de\/produkt\/chakra-noce\/#breadcrumb","itemListElement":[{"@type":"ListItem","position":1,"name":"Home","item":"https:\/\/www.mylumi.net\/de\/"},{"@type":"ListItem","position":2,"name":"Shop","item":"https:\/\/www.mylumi.net\/de\/shop\/"},{"@type":"ListItem","position":3,"name":"Chakra\u00b2"}]},{"@type":"WebSite","@id":"https:\/\/www.mylumi.net\/#website","url":"https:\/\/www.mylumi.net\/","name":"MyLumi","description":"Celebrate a healty lifestyle","publisher":{"@id":"https:\/\/www.mylumi.net\/#organization"},"potentialAction":[{"@type":"SearchAction","target":{"@type":"EntryPoint","urlTemplate":"https:\/\/www.mylumi.net\/?s={search_term_string}"},"query-input":{"@type":"PropertyValueSpecification","valueRequired":true,"valueName":"search_term_string"}}],"inLanguage":"de"},{"@type":"Organization","@id":"https:\/\/www.mylumi.net\/#organization","name":"MyLumi by Colan","url":"https:\/\/www.mylumi.net\/","logo":{"@type":"ImageObject","inLanguage":"de","@id":"https:\/\/www.mylumi.net\/#\/schema\/logo\/image\/","url":"https:\/\/www.mylumi.net\/wp-content\/uploads\/logo.svg","contentUrl":"https:\/\/www.mylumi.net\/wp-content\/uploads\/logo.svg","width":1,"height":1,"caption":"MyLumi by Colan"},"image":{"@id":"https:\/\/www.mylumi.net\/#\/schema\/logo\/image\/"},"sameAs":["https:\/\/www.facebook.com\/people\/LUMI\/100089681991780\/"]}]}},"_links":{"self":[{"href":"https:\/\/www.mylumi.net\/de\/wp-json\/wp\/v2\/product\/3026","targetHints":{"allow":["GET"]}}],"collection":[{"href":"https:\/\/www.mylumi.net\/de\/wp-json\/wp\/v2\/product"}],"about":[{"href":"https:\/\/www.mylumi.net\/de\/wp-json\/wp\/v2\/types\/product"}],"wp:featuredmedia":[{"embeddable":true,"href":"https:\/\/www.mylumi.net\/de\/wp-json\/wp\/v2\/media\/5258"}],"wp:attachment":[{"href":"https:\/\/www.mylumi.net\/de\/wp-json\/wp\/v2\/media?parent=3026"}],"wp:term":[{"taxonomy":"product_brand","embeddable":true,"href":"https:\/\/www.mylumi.net\/de\/wp-json\/wp\/v2\/product_brand?post=3026"},{"taxonomy":"product_cat","embeddable":true,"href":"https:\/\/www.mylumi.net\/de\/wp-json\/wp\/v2\/product_cat?post=3026"},{"taxonomy":"product_tag","embeddable":true,"href":"https:\/\/www.mylumi.net\/de\/wp-json\/wp\/v2\/product_tag?post=3026"}],"curies":[{"name":"wp","href":"https:\/\/api.w.org\/{rel}","templated":true}]}}