{"id":2869,"date":"2023-04-03T08:45:33","date_gmt":"2023-04-03T06:45:33","guid":{"rendered":"https:\/\/www.mylumi.net\/faq\/"},"modified":"2024-01-06T19:21:03","modified_gmt":"2024-01-06T18:21:03","slug":"faq","status":"publish","type":"page","link":"https:\/\/www.mylumi.net\/es\/faq\/","title":{"rendered":"FAQ"},"content":{"rendered":"\n\t<section class=\"section faq_main_sec\" id=\"section_1431620472\">\n\t\t<div class=\"bg section-bg fill bg-fill  bg-loaded\" >\n\n\t\t\t\n\t\t\t\n\t\t\t\n\n\t\t<\/div>\n\n\t\t\n\n\t\t<div class=\"section-content relative\">\n\t\t\t\n\n<div class=\"row\"  id=\"row-1980639476\">\n\n\n\t<div id=\"col-732321416\" class=\"col small-12 large-12\"  >\n\t\t\t\t<div class=\"col-inner\"  >\n\t\t\t\n\t\t\t\n\n\n\n<div class=\"top_breadcrumbs\">\n    <p><a href=\"\/\">HOME<\/a> \/ <span>FAQ<\/span><\/p>\n<\/div>\n\n\t\t<div class=\"faq_upper_text\">\n\t\t\t\t\n\n<h1><span>Avete domande?<\/span><br>saremo lieti di aiutarvi.<\/h1>\n<p class=\"f_pare\">Se avete delle domande che non trovate di seguito<br> contatteci e saremo felici di rispondervi.<\/p>\n\t\t<\/div>\n\t\n\n\t\t<\/div>\n\t\t\t\t\t<\/div>\n\n\t\n\n<\/div>\n\n\t\t<\/div>\n\n\t\t\n<style>\n#section_1431620472 {\n  padding-top: 0px;\n  padding-bottom: 0px;\n}\n<\/style>\n\t<\/section>\n\t\n\t<section class=\"section\" id=\"section_194134797\">\n\t\t<div class=\"bg section-bg fill bg-fill  bg-loaded\" >\n\n\t\t\t\n\t\t\t\n\t\t\t\n\n\t\t<\/div>\n\n\t\t\n\n\t\t<div class=\"section-content relative\">\n\t\t\t\n\n<div class=\"row\"  id=\"row-2139186491\">\n\n\n\t<div id=\"col-157002251\" class=\"col small-12 large-12\"  >\n\t\t\t\t<div class=\"col-inner text-left\"  >\n\t\t\t\n\t\t\t\n\n<div class=\"accordion faq_accordin\">\n\n\t<div id=\"accordion-441593738\" class=\"accordion-item\">\n\t\t<a id=\"accordion-441593738-label\" class=\"accordion-title plain\" href=\"#accordion-item-cos&#039;\u00e8-mylumi?\" aria-expanded=\"false\" aria-controls=\"accordion-441593738-content\" >\n\t\t\t<button class=\"toggle\" aria-label=\"Toggle\"><i class=\"icon-angle-down\"><\/i><\/button>\n\t\t\t<span>Cos'\u00e8 MyLumi?<\/span>\n\t\t<\/a>\n\t\t<div id=\"accordion-441593738-content\" class=\"accordion-inner\" aria-labelledby=\"accordion-441593738-label\" >\n\t\t\t\n\n\n\nE' una collezione di bracciali gioiello wellness tracker con sensori biometrici che rileva parametri come l'attivit\u00e0 fisica giornaliera, lo stato emozionale e il sonno\/riposo giornaliero. Le versioni Plus monitorano anche la frequenza cardiaca, la pressione, l'ossigenazione e la temperatura corporea. L'app dedicata e gratuita crea un profilo giornaliero del tuo stato \"corpo\/mente\" e tramite un algoritmo fornisce consigli per migliorare il tuo benessere.\n\n\n\t\t<\/div>\n\t<\/div>\n\t\n\t<div id=\"accordion-320022322\" class=\"accordion-item\">\n\t\t<a id=\"accordion-320022322-label\" class=\"accordion-title plain\" href=\"#accordion-item-com&#039;\u00e8-fatto?\" aria-expanded=\"false\" aria-controls=\"accordion-320022322-content\" >\n\t\t\t<button class=\"toggle\" aria-label=\"Toggle\"><i class=\"icon-angle-down\"><\/i><\/button>\n\t\t\t<span>Com'\u00e8 fatto?<\/span>\n\t\t<\/a>\n\t\t<div id=\"accordion-320022322-content\" class=\"accordion-inner\" aria-labelledby=\"accordion-320022322-label\" >\n\t\t\t\n\n\n\nIdeato e progettato per sembrare un normale bracciale in legno o pietre naturali. Ogni bracciale \u00e8 realizzato a mano in Italia come da tradizione tibetana.\n\n\n\t\t<\/div>\n\t<\/div>\n\t\n\t<div id=\"accordion-2734404555\" class=\"accordion-item\">\n\t\t<a id=\"accordion-2734404555-label\" class=\"accordion-title plain\" href=\"#accordion-item-quanto-dura-la-batteria?\" aria-expanded=\"false\" aria-controls=\"accordion-2734404555-content\" >\n\t\t\t<button class=\"toggle\" aria-label=\"Toggle\"><i class=\"icon-angle-down\"><\/i><\/button>\n\t\t\t<span>Quanto dura la batteria?<\/span>\n\t\t<\/a>\n\t\t<div id=\"accordion-2734404555-content\" class=\"accordion-inner\" aria-labelledby=\"accordion-2734404555-label\" >\n\t\t\t\n\n\n\nPer i modelli standard,\nl'autonomia \u00e8 garantita per circa 12 mesi con 2 batterie CR1025 inserite in ogni confezione (una gi\u00e0 inserita nel bracciale). Il bracciale non si ricarica come i normali activity tracker. Questo perch\u00e8 volevamo dare la stessa esperienza di indossare un vero gioiello e dimenticarsi delle noiose ricariche dei dispositivi comuni. Quando la batteria \u00e8 esausta si pu\u00f2 cambiare semplicemente aprendo il blocchetto di chiusura. Mentre per i modelli Plus la batteria \u00e8 ricaricabile attraverso la basetta inclusa nella confezione. L'autonomia \u00e8 di circa 3 settimane.\n\n\n\t\t<\/div>\n\t<\/div>\n\t\n\t<div id=\"accordion-3532591525\" class=\"accordion-item\">\n\t\t<a id=\"accordion-3532591525-label\" class=\"accordion-title plain\" href=\"#accordion-item-come-si-accende-o-spegne?\" aria-expanded=\"false\" aria-controls=\"accordion-3532591525-content\" >\n\t\t\t<button class=\"toggle\" aria-label=\"Toggle\"><i class=\"icon-angle-down\"><\/i><\/button>\n\t\t\t<span>Come si accende o spegne?<\/span>\n\t\t<\/a>\n\t\t<div id=\"accordion-3532591525-content\" class=\"accordion-inner\" aria-labelledby=\"accordion-3532591525-label\" >\n\t\t\t\n\n\n\nNon esiste un pulsante per accendere o spegnere il bracciale MyLumi. Si spegne totalmente di notte quando rileva il tuo sonno e si riaccende con il movimento durante il giorno. Il bracciale \u00e8 attivo dal momento che la batteria \u00e8 inserita nella scheda sensori. La potenza del segnale bluetooth per comunicare i dati all'app \u00e8 oltre 200 volte meno potente di un segnale bluetooth normale.\n\n\n\t\t<\/div>\n\t<\/div>\n\t\n\t<div id=\"accordion-4224523603\" class=\"accordion-item\">\n\t\t<a id=\"accordion-4224523603-label\" class=\"accordion-title plain\" href=\"#accordion-item-il-bracciale-\u00e8-resistente-all&#039;acqua?\" aria-expanded=\"false\" aria-controls=\"accordion-4224523603-content\" >\n\t\t\t<button class=\"toggle\" aria-label=\"Toggle\"><i class=\"icon-angle-down\"><\/i><\/button>\n\t\t\t<span>Il bracciale \u00e8 resistente all'acqua?<\/span>\n\t\t<\/a>\n\t\t<div id=\"accordion-4224523603-content\" class=\"accordion-inner\" aria-labelledby=\"accordion-4224523603-label\" >\n\t\t\t\n\n<p>Il bracciale non \u00e8 impermeabile, ma \u00e8 resistente agli schizzi d'acqua. Quindi non ci sono problemi a lavarsi le mani con il bracciale MyLumi al polso. Mentre \u00e8 altamente sconsigliato il bagno in piscina e al mare.<\/p>\n\n\t\t<\/div>\n\t<\/div>\n\t\n\t<div id=\"accordion-471953101\" class=\"accordion-item\">\n\t\t<a id=\"accordion-471953101-label\" class=\"accordion-title plain\" href=\"#accordion-item-come-rileva-il-sonno-e-l&#039;attivit\u00e0-fisica?\" aria-expanded=\"false\" aria-controls=\"accordion-471953101-content\" >\n\t\t\t<button class=\"toggle\" aria-label=\"Toggle\"><i class=\"icon-angle-down\"><\/i><\/button>\n\t\t\t<span>Come rileva il sonno e l'attivit\u00e0 fisica?<\/span>\n\t\t<\/a>\n\t\t<div id=\"accordion-471953101-content\" class=\"accordion-inner\" aria-labelledby=\"accordion-471953101-label\" >\n\t\t\t\n\n<p>Ogni bracciale MyLumi \u00e8 dotato del blocchetto sensori. Tra i vari sensori troviamo anche un accellerometro e un giroscopio che servono per rilevare i movimenti. Un algritmo trasforma i movimenti in una simulazione di attivit\u00e0 di tutto il corpo. In questo modo MyLumi riesce con un accuratezza del 96% a determinare il tipo di movimento, i passi o la corsa, lo sport, il riposo e il sonno.<\/p>\n\n\t\t<\/div>\n\t<\/div>\n\t\n\t<div id=\"accordion-997138703\" class=\"accordion-item\">\n\t\t<a id=\"accordion-997138703-label\" class=\"accordion-title plain\" href=\"#accordion-item-come-rileva-lo-stress-e-ansia?\" aria-expanded=\"false\" aria-controls=\"accordion-997138703-content\" >\n\t\t\t<button class=\"toggle\" aria-label=\"Toggle\"><i class=\"icon-angle-down\"><\/i><\/button>\n\t\t\t<span>Come rileva lo stress e ansia?<\/span>\n\t\t<\/a>\n\t\t<div id=\"accordion-997138703-content\" class=\"accordion-inner\" aria-labelledby=\"accordion-997138703-label\" >\n\t\t\t\n\n<p>Il rilevamento dell'umore e degli stati emozionali come lo stress e ansia \u00e8 affidato alla tecnologia biometrica insieme all'intelligenza artificiale presente nell'app MyLumi Connect.<\/p>\n<p>La tecnologia biometrica si affida alle scansioni del volto per analizzare le espressioni facciali. Una intelligenza artificiale in grado di imparare le tue espressioni e tensioni muscolari del viso \u00e8 in grado di riconoscere con un accuratezza del 90% il tuo umore e livello di stress e ansia.<\/p>\n\n\t\t<\/div>\n\t<\/div>\n\t\n\t<div id=\"accordion-3893453372\" class=\"accordion-item\">\n\t\t<a id=\"accordion-3893453372-label\" class=\"accordion-title plain\" href=\"#accordion-item-come-si-associa-il-bracciale-all&#039;app?\" aria-expanded=\"false\" aria-controls=\"accordion-3893453372-content\" >\n\t\t\t<button class=\"toggle\" aria-label=\"Toggle\"><i class=\"icon-angle-down\"><\/i><\/button>\n\t\t\t<span>Come si associa il bracciale all'app?<\/span>\n\t\t<\/a>\n\t\t<div id=\"accordion-3893453372-content\" class=\"accordion-inner\" aria-labelledby=\"accordion-3893453372-label\" >\n\t\t\t\n\n<p>Per associare il bracciale MyLumi all'app MyLumi Connect seguite questi semplici passi:<\/p>\n<ol>\n<li>Indossare al polso il bracciale MyLumi<\/li>\n<li>Scaricare l'app MyLumi Connect da App Store o Google Play Store<\/li>\n<li>Aprire l'app MyLumi Connect e accettare tutte le notifiche<\/li>\n<li>Selezionare il bracciale MyLumi dall'elenco auto-scansione dispositivi<\/li>\n<\/ol>\n<p>Se seguendo questi passi non riuscite ancora ad associare il bracciale MyLumi alla sua app, compilate il modulo presente in questa pagina e sarete contattati entro 24 ore.<\/p>\n\n\t\t<\/div>\n\t<\/div>\n\t\n\n<\/div>\n\n\t\t<\/div>\n\t\t\t\t\n<style>\n#col-157002251 > .col-inner {\n  padding: 0px 0px 0px 0px;\n  margin: 0px 0px 0px 0px;\n}\n<\/style>\n\t<\/div>\n\n\t\n\n\n<style>\n#row-2139186491 > .col > .col-inner {\n  padding: 0px 0px 0px 0px;\n}\n<\/style>\n<\/div>\n\n\t\t<\/div>\n\n\t\t\n<style>\n#section_194134797 {\n  padding-top: 0px;\n  padding-bottom: 0px;\n  margin-bottom: 0px;\n}\n<\/style>\n\t<\/section>\n\t\n\n\n","protected":false},"excerpt":{"rendered":"","protected":false},"author":1,"featured_media":0,"parent":0,"menu_order":0,"comment_status":"closed","ping_status":"closed","template":"","meta":{"_acf_changed":false,"_joinchat":[],"footnotes":""},"class_list":["post-2869","page","type-page","status-publish","hentry"],"acf":[],"yoast_head":"<!-- This site is optimized with the Yoast SEO plugin v27.4 - https:\/\/yoast.com\/product\/yoast-seo-wordpress\/ -->\n<title>FAQ - LUMI<\/title>\n<meta name=\"robots\" content=\"index, follow, max-snippet:-1, max-image-preview:large, max-video-preview:-1\" \/>\n<link rel=\"canonical\" href=\"https:\/\/www.mylumi.net\/es\/faq\/\" \/>\n<meta property=\"og:locale\" content=\"es_ES\" \/>\n<meta property=\"og:type\" content=\"article\" \/>\n<meta property=\"og:title\" content=\"FAQ - LUMI\" \/>\n<meta property=\"og:url\" content=\"https:\/\/www.mylumi.net\/es\/faq\/\" \/>\n<meta property=\"og:site_name\" content=\"LUMI\" \/>\n<meta property=\"article:publisher\" content=\"https:\/\/www.facebook.com\/people\/LUMI\/100089681991780\/\" \/>\n<meta property=\"article:modified_time\" content=\"2024-01-06T18:21:03+00:00\" \/>\n<meta property=\"og:image\" content=\"https:\/\/cdn.mylumi.net\/wp-content\/uploads\/lumi-video.jpg?strip=all\" \/>\n\t<meta property=\"og:image:width\" content=\"1911\" \/>\n\t<meta property=\"og:image:height\" content=\"1015\" \/>\n\t<meta property=\"og:image:type\" content=\"image\/jpeg\" \/>\n<meta name=\"twitter:card\" content=\"summary_large_image\" \/>\n<meta name=\"twitter:label1\" content=\"Tiempo de lectura\" \/>\n\t<meta name=\"twitter:data1\" content=\"2 minutos\" \/>\n<script type=\"application\/ld+json\" class=\"yoast-schema-graph\">{\"@context\":\"https:\\\/\\\/schema.org\",\"@graph\":[{\"@type\":\"WebPage\",\"@id\":\"https:\\\/\\\/www.mylumi.net\\\/es\\\/faq\\\/\",\"url\":\"https:\\\/\\\/www.mylumi.net\\\/es\\\/faq\\\/\",\"name\":\"FAQ - LUMI\",\"isPartOf\":{\"@id\":\"https:\\\/\\\/www.mylumi.net\\\/#website\"},\"datePublished\":\"2023-04-03T06:45:33+00:00\",\"dateModified\":\"2024-01-06T18:21:03+00:00\",\"breadcrumb\":{\"@id\":\"https:\\\/\\\/www.mylumi.net\\\/es\\\/faq\\\/#breadcrumb\"},\"inLanguage\":\"es\",\"potentialAction\":[{\"@type\":\"ReadAction\",\"target\":[\"https:\\\/\\\/www.mylumi.net\\\/es\\\/faq\\\/\"]}]},{\"@type\":\"BreadcrumbList\",\"@id\":\"https:\\\/\\\/www.mylumi.net\\\/es\\\/faq\\\/#breadcrumb\",\"itemListElement\":[{\"@type\":\"ListItem\",\"position\":1,\"name\":\"Home\",\"item\":\"https:\\\/\\\/www.mylumi.net\\\/es\\\/\"},{\"@type\":\"ListItem\",\"position\":2,\"name\":\"FAQ\"}]},{\"@type\":\"WebSite\",\"@id\":\"https:\\\/\\\/www.mylumi.net\\\/#website\",\"url\":\"https:\\\/\\\/www.mylumi.net\\\/\",\"name\":\"MyLumi\",\"description\":\"Celebrate a healty lifestyle\",\"publisher\":{\"@id\":\"https:\\\/\\\/www.mylumi.net\\\/#organization\"},\"potentialAction\":[{\"@type\":\"SearchAction\",\"target\":{\"@type\":\"EntryPoint\",\"urlTemplate\":\"https:\\\/\\\/www.mylumi.net\\\/?s={search_term_string}\"},\"query-input\":{\"@type\":\"PropertyValueSpecification\",\"valueRequired\":true,\"valueName\":\"search_term_string\"}}],\"inLanguage\":\"es\"},{\"@type\":\"Organization\",\"@id\":\"https:\\\/\\\/www.mylumi.net\\\/#organization\",\"name\":\"MyLumi by Colan\",\"url\":\"https:\\\/\\\/www.mylumi.net\\\/\",\"logo\":{\"@type\":\"ImageObject\",\"inLanguage\":\"es\",\"@id\":\"https:\\\/\\\/www.mylumi.net\\\/#\\\/schema\\\/logo\\\/image\\\/\",\"url\":\"https:\\\/\\\/www.mylumi.net\\\/wp-content\\\/uploads\\\/logo.svg\",\"contentUrl\":\"https:\\\/\\\/www.mylumi.net\\\/wp-content\\\/uploads\\\/logo.svg\",\"width\":1,\"height\":1,\"caption\":\"MyLumi by Colan\"},\"image\":{\"@id\":\"https:\\\/\\\/www.mylumi.net\\\/#\\\/schema\\\/logo\\\/image\\\/\"},\"sameAs\":[\"https:\\\/\\\/www.facebook.com\\\/people\\\/LUMI\\\/100089681991780\\\/\"]}]}<\/script>\n<!-- \/ Yoast SEO plugin. -->","yoast_head_json":{"title":"FAQ - LUMI","robots":{"index":"index","follow":"follow","max-snippet":"max-snippet:-1","max-image-preview":"max-image-preview:large","max-video-preview":"max-video-preview:-1"},"canonical":"https:\/\/www.mylumi.net\/es\/faq\/","og_locale":"es_ES","og_type":"article","og_title":"FAQ - LUMI","og_url":"https:\/\/www.mylumi.net\/es\/faq\/","og_site_name":"LUMI","article_publisher":"https:\/\/www.facebook.com\/people\/LUMI\/100089681991780\/","article_modified_time":"2024-01-06T18:21:03+00:00","og_image":[{"width":1911,"height":1015,"url":"https:\/\/cdn.mylumi.net\/wp-content\/uploads\/lumi-video.jpg?strip=all","type":"image\/jpeg"}],"twitter_card":"summary_large_image","twitter_misc":{"Tiempo de lectura":"2 minutos"},"schema":{"@context":"https:\/\/schema.org","@graph":[{"@type":"WebPage","@id":"https:\/\/www.mylumi.net\/es\/faq\/","url":"https:\/\/www.mylumi.net\/es\/faq\/","name":"FAQ - LUMI","isPartOf":{"@id":"https:\/\/www.mylumi.net\/#website"},"datePublished":"2023-04-03T06:45:33+00:00","dateModified":"2024-01-06T18:21:03+00:00","breadcrumb":{"@id":"https:\/\/www.mylumi.net\/es\/faq\/#breadcrumb"},"inLanguage":"es","potentialAction":[{"@type":"ReadAction","target":["https:\/\/www.mylumi.net\/es\/faq\/"]}]},{"@type":"BreadcrumbList","@id":"https:\/\/www.mylumi.net\/es\/faq\/#breadcrumb","itemListElement":[{"@type":"ListItem","position":1,"name":"Home","item":"https:\/\/www.mylumi.net\/es\/"},{"@type":"ListItem","position":2,"name":"FAQ"}]},{"@type":"WebSite","@id":"https:\/\/www.mylumi.net\/#website","url":"https:\/\/www.mylumi.net\/","name":"MyLumi","description":"Celebrate a healty lifestyle","publisher":{"@id":"https:\/\/www.mylumi.net\/#organization"},"potentialAction":[{"@type":"SearchAction","target":{"@type":"EntryPoint","urlTemplate":"https:\/\/www.mylumi.net\/?s={search_term_string}"},"query-input":{"@type":"PropertyValueSpecification","valueRequired":true,"valueName":"search_term_string"}}],"inLanguage":"es"},{"@type":"Organization","@id":"https:\/\/www.mylumi.net\/#organization","name":"MyLumi by Colan","url":"https:\/\/www.mylumi.net\/","logo":{"@type":"ImageObject","inLanguage":"es","@id":"https:\/\/www.mylumi.net\/#\/schema\/logo\/image\/","url":"https:\/\/www.mylumi.net\/wp-content\/uploads\/logo.svg","contentUrl":"https:\/\/www.mylumi.net\/wp-content\/uploads\/logo.svg","width":1,"height":1,"caption":"MyLumi by Colan"},"image":{"@id":"https:\/\/www.mylumi.net\/#\/schema\/logo\/image\/"},"sameAs":["https:\/\/www.facebook.com\/people\/LUMI\/100089681991780\/"]}]}},"_links":{"self":[{"href":"https:\/\/www.mylumi.net\/es\/wp-json\/wp\/v2\/pages\/2869","targetHints":{"allow":["GET"]}}],"collection":[{"href":"https:\/\/www.mylumi.net\/es\/wp-json\/wp\/v2\/pages"}],"about":[{"href":"https:\/\/www.mylumi.net\/es\/wp-json\/wp\/v2\/types\/page"}],"author":[{"embeddable":true,"href":"https:\/\/www.mylumi.net\/es\/wp-json\/wp\/v2\/users\/1"}],"replies":[{"embeddable":true,"href":"https:\/\/www.mylumi.net\/es\/wp-json\/wp\/v2\/comments?post=2869"}],"version-history":[{"count":1,"href":"https:\/\/www.mylumi.net\/es\/wp-json\/wp\/v2\/pages\/2869\/revisions"}],"predecessor-version":[{"id":2974,"href":"https:\/\/www.mylumi.net\/es\/wp-json\/wp\/v2\/pages\/2869\/revisions\/2974"}],"wp:attachment":[{"href":"https:\/\/www.mylumi.net\/es\/wp-json\/wp\/v2\/media?parent=2869"}],"curies":[{"name":"wp","href":"https:\/\/api.w.org\/{rel}","templated":true}]}}